{"id":1421,"date":"2024-03-16T18:01:51","date_gmt":"2024-03-16T17:01:51","guid":{"rendered":"https:\/\/www.flockofideas.com\/?page_id=1421"},"modified":"2026-03-30T10:23:42","modified_gmt":"2026-03-30T08:23:42","slug":"publications","status":"publish","type":"page","link":"https:\/\/www.flockofideas.com\/index.php\/publications\/","title":{"rendered":"publications"},"content":{"rendered":"\n<h3 class=\"wp-block-heading\">articles<\/h3>\n\n\n\n<p>Konsolidierte Aufsicht im Finanzmarktrecht: Rechtliche Grundlagen und Herausforderungen f\u00fcr Fintechs und Krypto-Unternehmen unter besonderer Ber\u00fccksichtigung des Vorentwurfs des Finanzinstitutsgesetzes, in: Jusletter 30. M\u00e4rz 2026 (together with Joshua R. Taucher)<\/p>\n\n\n\n<p>Swiss Blockchain Federation (SBF), Digital Assets \u2013 Steuerliche Standortbestimmung 2026\/01, <a href=\"https:\/\/blockchainfederation.ch\/publikationen\/\">https:\/\/blockchainfederation.ch\/publikationen\/<\/a> (together with members of the tax working group)<\/p>\n\n\n\n<p>Swiss Blockchain Federation (SBF), Stellungnahme zur FINIG-Vorlage, 3. Dezember 2025, <a href=\"https:\/\/blockchainfederation.ch\/publikationen\/\">https:\/\/blockchainfederation.ch\/publikationen\/<\/a> (together with members of the regulatory working group)<\/p>\n\n\n\n<p>Marktmissbrauch im Kryptomarkt. Eine Einordnung nach MiCAR und Schweizer Finanzmarktrecht, EuZ 7\/2025, G1-G94, <a href=\"https:\/\/eizpublishing.ch\/wp-content\/uploads\/2025\/09\/EuZ-07-2025-Andreotti-Digital-V1_02-20250904.pdf\">https:\/\/eizpublishing.ch\/wp-content\/uploads\/2025\/09\/EuZ-07-2025-Andreotti-Digital-V1_02-20250904.pdf<\/a> (together with Joshua R. Taucher)<\/p>\n\n\n\n<p>Swiss Blockchain Federation (SBF), Zirkular 01\/2023, Staking, revised version (3.0), <a href=\"https:\/\/blockchainfederation.ch\/publikationen\/\">https:\/\/blockchainfederation.ch\/publikationen\/<\/a> (together with members of the staking working group)<\/p>\n\n\n\n<p>Art. 4a UWG, in: Heizmann \/ Loacker (eds.), UWG Kommentar, 2nd ed., Zurich \/ St. Gallen 2025<\/p>\n\n\n\n<p>Swiss Blockchain Federation (SBF), Circular Decentralized Finance (DeFi), Framework for the legal classification of DeFi and related activities under Swiss financial market law, March 4, 2025, <a href=\"https:\/\/blockchainfederation.ch\/wp-content\/uploads\/2025\/05\/20250318-SBF-Circular-DeFi-final_EN.pdf\" target=\"_blank\" rel=\"noreferrer noopener\">https:\/\/blockchainfederation.ch\/wp-content\/uploads\/2025\/05\/20250318-SBF-Circular-DeFi-final_EN.pdf<\/a>; <a href=\"https:\/\/blockchainfederation.ch\/wp-content\/uploads\/2025\/05\/20250318-SBF-Circular-DeFi_final_DE.pdf\" target=\"_blank\" rel=\"noreferrer noopener\">https:\/\/blockchainfederation.ch\/wp-content\/uploads\/2025\/05\/20250318-SBF-Circular-DeFi_final_DE.pdf<\/a> (together with members of the DeFi working group)<\/p>\n\n\n\n<p>Vorstellung der Dissertation &#8220;Dezentrale Handelsplattformen im Schweizer Finanzmarktrecht&#8221;, GesKR 2024, 622-623<\/p>\n\n\n\n<p>\u00a7 11 Handel und Handelsplattformen, in: Zellweger-Gutknecht\/Tschudi\/MacCabe (eds.), Handbuch Kryptowerte, Basel 2024<\/p>\n\n\n\n<p>Swiss Blockchain Federation (SBF), Financial Market Infrastructure Act Revision, Consultation, October 10, 2024, <a href=\"https:\/\/blockchainfederation.ch\/en\/publications\/\">https:\/\/blockchainfederation.ch\/en\/publications\/<\/a> (together with members of the regulatory working group)<\/p>\n\n\n\n<p>Swiss Blockchain Federation (SBF), Crypto-Asset Reporting Framework (CARF), Consultation, August 27, 2024, <a href=\"https:\/\/blockchainfederation.ch\/en\/publications\/\">https:\/\/blockchainfederation.ch\/en\/publications\/<\/a> (together with members of the regulatory working group)<\/p>\n\n\n\n<p>Swiss Blockchain Federation (SBF), Zirkular 01\/2023, Staking, revised version (2.0), <a href=\"https:\/\/blockchainfederation.ch\/en\/publications\/\" target=\"_blank\" rel=\"noreferrer noopener\">https:\/\/blockchainfederation.ch\/en\/publications\/<\/a> (together with members of the staking working group)<\/p>\n\n\n\n<p>Dezentrale Handelsplattformen im Schweizer Finanzmarktrecht. Eine Analyse unter Erarbeitung eines Rechtsprinzips der Dezentralit\u00e4t, EIZ Publishing, Dissertation Universit\u00e4t Z\u00fcrich 2024 (<a href=\"https:\/\/eizpublishing.ch\/publikationen\/dezentrale-handelsplattformen-im-schweizer-finanzmarktrecht\/\" data-type=\"link\" data-id=\"https:\/\/eizpublishing.ch\/publikationen\/dezentrale-handelsplattformen-im-schweizer-finanzmarktrecht\/\" target=\"_blank\" rel=\"noreferrer noopener\">Link 1<\/a>, <a href=\"https:\/\/www.zora.uzh.ch\/id\/eprint\/260395\/\" data-type=\"link\" data-id=\"https:\/\/www.zora.uzh.ch\/id\/eprint\/260395\/\" target=\"_blank\" rel=\"noreferrer noopener\">Link 2<\/a>, <a href=\"https:\/\/books.google.ch\/books\/about\/Dezentrale_Handelsplattformen_im_Schweiz.html?id=EekTEQAAQBAJ&amp;redir_esc=y\" data-type=\"link\" data-id=\"https:\/\/books.google.ch\/books\/about\/Dezentrale_Handelsplattformen_im_Schweiz.html?id=EekTEQAAQBAJ&amp;redir_esc=y\" target=\"_blank\" rel=\"noreferrer noopener\">Link 3<\/a>)<\/p>\n\n\n\n<p>Custodial Staking. Eine Einordnung in das Schweizer Finanzmarktrecht, GesKR 2023, 333\u2013354 (together with Stephan Zimmermann and Florian Prantl)<\/p>\n\n\n\n<p>Swiss Blockchain Federation (SBF), Zirkular 2023\/01, Staking, September 5, 2023, <a href=\"https:\/\/blockchainfederation.ch\/en\/publications\/\" target=\"_blank\" rel=\"noreferrer noopener\">https:\/\/blockchainfederation.ch\/en\/publications\/<\/a> (together with members of the staking working group)<\/p>\n\n\n\n<p>Das Bitcoin Lightning Netzwerk \u2013 Einf\u00fchrung und rechtliche Einordnung von LNBTC und der Teilnahme am Netzwerk (Teil 2), iusNet BR-KR 22.12.2022<\/p>\n\n\n\n<p>Das Bitcoin Lightning Netzwerk \u2013 Einf\u00fchrung und rechtliche Einordnung von LNBTC und der Teilnahme am Netzwerk (Teil 1), iusNet BR-KR 22.12.2022<\/p>\n\n\n\n<p>Herr Jordan, die Schweiz braucht eine neutrale W\u00e4hrung!, issue 1095, April 2022, <a href=\"https:\/\/schweizermonat.ch\/herr-jordan-die-schweiz-braucht-eine-neutrale-waehrung\/\" target=\"_blank\" rel=\"noreferrer noopener\">https:\/\/schweizermonat.ch\/herr-jordan-die-schweiz-braucht-eine-neutrale-waehrung\/<\/a> (together with Luzius Meisser)<\/p>\n\n\n\n<p>Institutionelle Freir\u00e4ume dank dezentraler Governance?, in: Kessler (ed.), Liberalismus 2.0. Wie neue Technologien der Freiheit Auftrieb verleihen, Zurich 2021, 125\u2013143<\/p>\n\n\n\n<p>Best Execution im FIDLEG, GesKR 2020, 36\u201359 (together with Sandro Abegglen)<\/p>\n\n\n\n<p>Digital Assets \u2013 Proposed Amendments to the Legal and Regulatory Framework of Distributed Ledger Technology in Switzerland, CapLaw-2019-15 (together with Luca Bianchi)<\/p>\n\n\n\n<p>Krypto-L\u00f6hne im Schweizer Recht, Crypto Valley Journal, September 3, 2019, <a href=\"https:\/\/cvj.ch\/fokus\/legal-compliance\/krypto-loehne-im-schweizer-recht\/\" target=\"_blank\" rel=\"noreferrer noopener\">https:\/\/cvj.ch\/fokus\/legal-compliance\/krypto-loehne-im-schweizer-recht\/<\/a><\/p>\n\n\n\n<p>Switzerland\u2019s financial market regulation in the age of Fintech, Cayman Financial Review, February 4, 2019, <a href=\"https:\/\/www.caymanfinancialreview.com\/2019\/02\/04\/switzerlands-financial-market-regulation-in-the-age-of-fintech\/\" target=\"_blank\" rel=\"noreferrer noopener\">https:\/\/www.caymanfinancialreview.com\/2019\/02\/04\/switzerlands-financial-market-regulation-in-the-age-of-fintech\/<\/a><\/p>\n\n\n\n<p>Nach dem Geld ist vor dem Geld. Wie die Digitalisierung von Verm\u00f6genswerten einen neuen Geldbegriff n\u00f6tig machen k\u00f6nnte, Schweizer Monat, issue 1063, February 2019, <a href=\"https:\/\/schweizermonat.ch\/nach-dem-geld-ist-vor-dem-geld\/\" target=\"_blank\" rel=\"noreferrer noopener\">https:\/\/schweizermonat.ch\/nach-dem-geld-ist-vor-dem-geld\/<\/a><\/p>\n\n\n\n<p>Art. 4a UWG, in: Heizmann \/ Loacker (eds.), UWG Kommentar, Zurich \/ St. Gallen 2018 (together with Rolf Sethe)<\/p>\n\n\n\n<p>Verboten!, Schweizer Monat, issue 1052, December 2017, <a href=\"https:\/\/schweizermonat.ch\/verboten\/\" target=\"_blank\" rel=\"noreferrer noopener\">https:\/\/schweizermonat.ch\/verboten\/<\/a><\/p>\n\n\n\n<p>Compliance und Verantwortlichkeit, in: Isler \/ Sethe (eds.), Verantwortlichkeit im Unternehmensrecht VIII, Zurich 2017, 87\u2013102 (together with Rolf Sethe)<\/p>\n\n\n\n<p>Die komplexe Balance zwischen Pr\u00e4vention und Freiheit auf Finanzm\u00e4rkten und in Finanzkrisen, Eine theoretische und historische Analyse, in: Anna Coninx et al. (eds.), Pr\u00e4vention und freiheitliche Rechtsordnung, APARIUZ, Zurich \/ St. Gallen 2017, 277\u2013311 (together with Julia Schmidiger)<\/p>\n\n\n\n<p>The war against cash in Europe, Cayman Financial Review, May 19, 2016, <a href=\"https:\/\/www.caymanfinancialreview.com\/2016\/05\/19\/the-war-against-cash-in-europe\/\" target=\"_blank\" rel=\"noreferrer noopener\">https:\/\/www.caymanfinancialreview.com\/2016\/05\/19\/the-war-against-cash-in-europe\/<\/a><\/p>\n\n\n\n<p>Droht das Aussterben der unabh\u00e4ngigen Verm\u00f6gensverwalter in der Schweiz?, SJZ 111 \/ 2015, 377\u2013392 (together with Rolf Sethe)<\/p>\n\n\n\n<p>Entwicklungen im Gesellschaftsrecht und im Wertpapierrecht\/ Le point sur le droit des soci\u00e9t\u00e9s et des papiers-valeurs, SJZ 110 \/ 2014, 547\u2013552 (together with Rolf Sethe)<\/p>\n\n\n\n<p>Finanzmarktrechtliche Produktverbote: Anwendungsbereich und Grenzen aus rechtlicher und \u00f6konomischer Sicht, June 30, 2014, <a href=\"https:\/\/ssrn.com\/abstract=3006035\" target=\"_blank\" rel=\"noreferrer noopener\">https:\/\/ssrn.com\/abstract=3006035<\/a><\/p>\n\n\n\n<p>&#8220;Die heilige Kuh soll geschlachtet werden&#8221; \u2013 zum bankenrechtlichen bail-in von Kundeneinlagen. Analyse des neuen Paradigmas im Bankensanierungsrecht, in: Fahrl\u00e4nder \/ Heizmann (eds.), Europ\u00e4isierung der schweizerischen Rechtsordnung, APARIUZ 15, Zurich \/ St.&nbsp;Gallen 2013, 441\u2013478<\/p>\n\n\n\n<p>Entwicklungen im Gesellschaftsrecht und im Wertpapierrecht\/ Le point sur le droit des soci\u00e9t\u00e9s et des papiers-valeurs, SJZ 109 \/ 2013, 491\u2013496 (together with Rolf Sethe)<\/p>\n\n\n\n<p>Entwicklungen im Gesellschaftsrecht und im Wertpapierrecht\/ Le point sur le droit des soci\u00e9t\u00e9s et des papiers-valeurs, SJZ 108 \/ 2012, 514\u2013520 (together with Rolf Sethe)<\/p>\n\n\n\n<p>Entwicklungen im Gesellschaftsrecht und im Wertpapierrecht\/ Le point sur le droit des soci\u00e9t\u00e9s et des papiers-valeurs, SJZ 107 \/ 2011, 489\u2013495 (together with Rolf Sethe)<\/p>\n\n\n\n<p><\/p>\n\n\n\n<h3 class=\"wp-block-heading\">presentations \/ talks<\/h3>\n\n\n\n<p><a href=\"https:\/\/www.flockofideas.com\/wp-content\/uploads\/2026\/03\/20260220_Bewilligung-als-Krypto-Institut_EIZ-Seminar-Final-v2.pdf\" data-type=\"attachment\" data-id=\"1574\" target=\"_blank\" rel=\"noreferrer noopener\">Die Bewilligung als Krypto-Institut aus Sicht der Praxis<\/a>, EIZ-Seminar Blockchain-Recht V, March 10, 2026 (together with Mercedes Nieto)<\/p>\n\n\n\n<p><a href=\"https:\/\/www.flockofideas.com\/wp-content\/uploads\/2025\/05\/20250509_Bitcoin-Suisse_DeFi-Gastreferat-ZHAW-CAS-DeFi.pdf\" data-type=\"attachment\" data-id=\"1511\">Praktische Erfahrungen eines Finanzintermedi\u00e4rs mit DeFi<\/a>, ZHAW Zurich University of Applied Sciences, CAS DeFi, Zurich, May 9, 2025 (together with Jonas Ajrouche)<\/p>\n\n\n\n<p>Blockchain-Recht in der Schweiz: Chancen, H\u00fcrden und Entwicklungen, <a href=\"https:\/\/kellerhals-carrard.ch\/de\/news-und-publikationen\/presentations\/eiz-blockchain-recht-iv-update-zu-den-neuesten-rechtsfragen-sowie-chancen-huerden-und-entwicklungen-aus-der-praxis\" target=\"_blank\" rel=\"noreferrer noopener\">Panel<\/a>, EIZ-Seminar Blockchain-Recht IV, March 11, 2025 (together with other speakers)<\/p>\n\n\n\n<p><a href=\"https:\/\/www.flockofideas.com\/wp-content\/uploads\/2025\/04\/20250206_FTD_Liquid-Staking_Andreotti_Final-updated.pdf\" data-type=\"attachment\" data-id=\"1508\">Liquid Staking. Ausgew\u00e4hlte rechtliche Aspekte am Beispiel von Lido<\/a>, FinTech Days 2025, University of Zurich, Zurich, February 5 and 6, 2025<\/p>\n\n\n\n<p>Handel und Handelsplattformen, Helbing Lichtenhahn Symposium 2024 &#8220;Kryptowerte&#8221;, October 28, 2024<\/p>\n\n\n\n<p><a href=\"https:\/\/www.flockofideas.com\/wp-content\/uploads\/2024\/11\/20240912_MiCAR-Kurzprasentation_Digital-Assets-Switzerland.pdf\" data-type=\"attachment\" data-id=\"1501\" target=\"_blank\" rel=\"noreferrer noopener\">Die &#8220;Markets in Crypto-Assets&#8221;-Verordnung<\/a>, Digital Assets Switzerland (DAS), September 12, 2024<\/p>\n\n\n\n<p><a href=\"https:\/\/www.flockofideas.com\/wp-content\/uploads\/2024\/11\/20240825_EIZ-Staking_Andreotti-Zimmermann.pdf\" data-type=\"attachment\" data-id=\"1502\" target=\"_blank\" rel=\"noreferrer noopener\">Staking: Erfahrungen aus der Praxis<\/a>, EIZ-Seminar Blockchain-Recht III, September 3, 2024 (together with Stephan Zimmermann)<\/p>\n\n\n\n<p><a href=\"https:\/\/www.flockofideas.com\/wp-content\/uploads\/2024\/05\/20240521_EIZ-Tagung_MiCAR-aus-Schweizer-Sicht.pdf\" data-type=\"attachment\" data-id=\"1464\">MiCAR aus Schweizer Sicht<\/a>, EIZ-Seminar Finanzmarktrecht XXI, May 21, 2024 (together with Joshua R. Taucher)<\/p>\n\n\n\n<p><a href=\"https:\/\/www.flockofideas.com\/wp-content\/uploads\/2024\/04\/20240411_Applicable-Law-to-Staking_Conference-Vienna_Andreotti_vFinal.pdf\" data-type=\"attachment\" data-id=\"1462\">The Law Applicable to Staking<\/a>, Conference, Vienna University, April 2024<\/p>\n\n\n\n<p><a href=\"https:\/\/www.flockofideas.com\/index.php\/2024\/02\/10\/fintech-day-2024-referat-zu-staking-in-frankfurt\/\" data-type=\"post\" data-id=\"1414\">Aufsichtsrechtliche Einordnung von Staking in der Schweiz<\/a>, Fintech Days 2024, Goethe-Universit\u00e4t, Frankfurt am Main, February 7 and 8, 2024<\/p>\n\n\n\n<p><a href=\"https:\/\/www.flockofideas.com\/wp-content\/uploads\/2024\/03\/221025_Andreotti-Hybride-Investmentgesellschaften-UFSP-FINREG-UZH_Final.pdf\" data-type=\"attachment\" data-id=\"1431\">IPO und STO bei &#8220;hybriden&#8221; Investmentgesellschaften<\/a>, 7. FIDLEG-Symposium des Universit\u00e4ren Forschungsschwerpunkts Finanzmarktregulierung der Universit\u00e4t Z\u00fcrich, October 25, 2022<\/p>\n\n\n\n<p>The War on Cash \u2013 Are we Throwing out the Baby with the Bathwater?, ESTA Annual Conference, Vienna, May 19-21, 2019<\/p>\n\n\n\n<p><\/p>\n","protected":false},"excerpt":{"rendered":"<p>articles Konsolidierte Aufsicht im Finanzmarktrecht: Rechtliche Grundlagen und Herausforderungen f\u00fcr Fintechs und Krypto-Unternehmen unter besonderer Ber\u00fccksichtigung des Vorentwurfs des Finanzinstitutsgesetzes, in: Jusletter 30. M\u00e4rz 2026 (together with Joshua R. Taucher) Swiss Blockchain Federation (SBF), Digital Assets \u2013 Steuerliche Standortbestimmung 2026\/01, https:\/\/blockchainfederation.ch\/publikationen\/ (together with members of the tax working group) Swiss Blockchain Federation (SBF), Stellungnahme zur [&hellip;]<\/p>\n","protected":false},"author":1,"featured_media":0,"parent":0,"menu_order":0,"comment_status":"closed","ping_status":"closed","template":"","meta":{"footnotes":""},"class_list":["post-1421","page","type-page","status-publish","hentry"],"_links":{"self":[{"href":"https:\/\/www.flockofideas.com\/index.php\/wp-json\/wp\/v2\/pages\/1421","targetHints":{"allow":["GET"]}}],"collection":[{"href":"https:\/\/www.flockofideas.com\/index.php\/wp-json\/wp\/v2\/pages"}],"about":[{"href":"https:\/\/www.flockofideas.com\/index.php\/wp-json\/wp\/v2\/types\/page"}],"author":[{"embeddable":true,"href":"https:\/\/www.flockofideas.com\/index.php\/wp-json\/wp\/v2\/users\/1"}],"replies":[{"embeddable":true,"href":"https:\/\/www.flockofideas.com\/index.php\/wp-json\/wp\/v2\/comments?post=1421"}],"version-history":[{"count":38,"href":"https:\/\/www.flockofideas.com\/index.php\/wp-json\/wp\/v2\/pages\/1421\/revisions"}],"predecessor-version":[{"id":1577,"href":"https:\/\/www.flockofideas.com\/index.php\/wp-json\/wp\/v2\/pages\/1421\/revisions\/1577"}],"wp:attachment":[{"href":"https:\/\/www.flockofideas.com\/index.php\/wp-json\/wp\/v2\/media?parent=1421"}],"curies":[{"name":"wp","href":"https:\/\/api.w.org\/{rel}","templated":true}]}}